{"id":35,"date":"2023-11-06T10:41:28","date_gmt":"2023-11-06T10:41:28","guid":{"rendered":"https:\/\/projetos.nayaraaraujo.com.br\/labrakennels\/?page_id=35"},"modified":"2024-01-18T18:33:04","modified_gmt":"2024-01-18T18:33:04","slug":"sobre","status":"publish","type":"page","link":"https:\/\/projetos.nayaraaraujo.com.br\/labrakennels\/sobre\/","title":{"rendered":"Sobre"},"content":{"rendered":"\t\t<div data-elementor-type=\"wp-page\" data-elementor-id=\"35\" class=\"elementor elementor-35\" data-elementor-post-type=\"page\">\n\t\t\t\t<div class=\"elementor-element elementor-element-a83bca1 e-con-full e-flex e-con e-parent\" data-id=\"a83bca1\" data-element_type=\"container\" data-settings=\"{&quot;background_background&quot;:&quot;classic&quot;}\">\n\t\t<div class=\"elementor-element elementor-element-f8fb633 e-con-full e-flex e-con e-child\" data-id=\"f8fb633\" data-element_type=\"container\" data-settings=\"{&quot;background_background&quot;:&quot;classic&quot;}\">\n\t\t\t\t<div class=\"elementor-element elementor-element-14df63d elementor-widget__width-initial elementor-invisible elementor-widget elementor-widget-heading\" data-id=\"14df63d\" data-element_type=\"widget\" data-settings=\"{&quot;_animation&quot;:&quot;fadeIn&quot;}\" data-widget_type=\"heading.default\">\n\t\t\t\t<div class=\"elementor-widget-container\">\n\t\t\t\t\t<h1 class=\"elementor-heading-title elementor-size-default\">Sobre<\/h1>\t\t\t\t<\/div>\n\t\t\t\t<\/div>\n\t\t\t\t<div class=\"elementor-element elementor-element-01e77dd elementor-widget-laptop__width-initial elementor-widget elementor-widget-heading\" data-id=\"01e77dd\" data-element_type=\"widget\" data-widget_type=\"heading.default\">\n\t\t\t\t<div class=\"elementor-widget-container\">\n\t\t\t\t\t<h5 class=\"elementor-heading-title elementor-size-default\">Aqui, compartilhamos nossa paix\u00e3o por Labradores e nossa miss\u00e3o de criar uma experi\u00eancia \u00fanica para voc\u00ea. Conhe\u00e7a a hist\u00f3ria por tr\u00e1s do nosso canil, nossos valores e o compromisso de proporcionar Labradores excepcionais. <\/h5>\t\t\t\t<\/div>\n\t\t\t\t<\/div>\n\t\t\t\t<\/div>\n\t\t\t\t<\/div>\n\t\t<div class=\"elementor-element elementor-element-55253ee e-con-full e-flex e-con e-parent\" data-id=\"55253ee\" data-element_type=\"container\" data-settings=\"{&quot;background_background&quot;:&quot;classic&quot;}\">\n\t\t<div class=\"elementor-element elementor-element-e14ccd1 e-flex e-con-boxed e-con e-child\" data-id=\"e14ccd1\" data-element_type=\"container\">\n\t\t\t\t\t<div class=\"e-con-inner\">\n\t\t<div class=\"elementor-element elementor-element-3db3ec4 e-con-full e-flex e-con e-child\" data-id=\"3db3ec4\" data-element_type=\"container\" data-settings=\"{&quot;background_background&quot;:&quot;classic&quot;}\">\n\t\t\t\t<div class=\"elementor-element elementor-element-f9c3377 elementor-vertical-align-middle elementor-widget elementor-widget-image-box\" data-id=\"f9c3377\" data-element_type=\"widget\" data-widget_type=\"image-box.default\">\n\t\t\t\t<div class=\"elementor-widget-container\">\n\t\t\t\t\t<div class=\"elementor-image-box-wrapper\"><div class=\"elementor-image-box-content\"><h3 class=\"elementor-image-box-title\">Bem-vindo ao Canil Goldiefolia!<\/h3><p class=\"elementor-image-box-description\">Conhe\u00e7a Nossa Paix\u00e3o pelos Golden Retrievers<br>\n<br>\nSeja bem-vindo ao Canil Goldiefolia, onde o carinho e a dedica\u00e7\u00e3o aos encantadores Golden Retrievers s\u00e3o nossa prioridade m\u00e1xima. Nosso lar \u00e9 um ambiente caloroso e cuidadosamente planejado para garantir o bem-estar e a felicidade dos nossos c\u00e3es.<\/p><\/div><\/div>\t\t\t\t<\/div>\n\t\t\t\t<\/div>\n\t\t\t\t<div class=\"elementor-element elementor-element-d1ba0bb elementor-icon-list--layout-traditional elementor-list-item-link-full_width elementor-widget elementor-widget-icon-list\" data-id=\"d1ba0bb\" data-element_type=\"widget\" data-widget_type=\"icon-list.default\">\n\t\t\t\t<div class=\"elementor-widget-container\">\n\t\t\t\t\t\t\t<ul class=\"elementor-icon-list-items\">\n\t\t\t\t\t\t\t<li class=\"elementor-icon-list-item\">\n\t\t\t\t\t\t\t\t\t\t\t<span class=\"elementor-icon-list-icon\">\n\t\t\t\t\t\t\t<i aria-hidden=\"true\" class=\"fas fa-bone\"><\/i>\t\t\t\t\t\t<\/span>\n\t\t\t\t\t\t\t\t\t\t<span class=\"elementor-icon-list-text\">Encontre seu Companheiro de Vida<\/span>\n\t\t\t\t\t\t\t\t\t<\/li>\n\t\t\t\t\t\t\t\t<li class=\"elementor-icon-list-item\">\n\t\t\t\t\t\t\t\t\t\t\t<span class=\"elementor-icon-list-icon\">\n\t\t\t\t\t\t\t<i aria-hidden=\"true\" class=\"fas fa-bone\"><\/i>\t\t\t\t\t\t<\/span>\n\t\t\t\t\t\t\t\t\t\t<span class=\"elementor-icon-list-text\">Comprometimento com a Qualidade<\/span>\n\t\t\t\t\t\t\t\t\t<\/li>\n\t\t\t\t\t\t\t\t<li class=\"elementor-icon-list-item\">\n\t\t\t\t\t\t\t\t\t\t\t<span class=\"elementor-icon-list-icon\">\n\t\t\t\t\t\t\t<i aria-hidden=\"true\" class=\"fas fa-bone\"><\/i>\t\t\t\t\t\t<\/span>\n\t\t\t\t\t\t\t\t\t\t<span class=\"elementor-icon-list-text\">Cuidados Excepcionais<\/span>\n\t\t\t\t\t\t\t\t\t<\/li>\n\t\t\t\t\t\t\t\t<li class=\"elementor-icon-list-item\">\n\t\t\t\t\t\t\t\t\t\t\t<span class=\"elementor-icon-list-icon\">\n\t\t\t\t\t\t\t<i aria-hidden=\"true\" class=\"fas fa-bone\"><\/i>\t\t\t\t\t\t<\/span>\n\t\t\t\t\t\t\t\t\t\t<span class=\"elementor-icon-list-text\">Encontre seu Companheiro de Vida<\/span>\n\t\t\t\t\t\t\t\t\t<\/li>\n\t\t\t\t\t\t\t\t<li class=\"elementor-icon-list-item\">\n\t\t\t\t\t\t\t\t\t\t\t<span class=\"elementor-icon-list-icon\">\n\t\t\t\t\t\t\t<i aria-hidden=\"true\" class=\"fas fa-bone\"><\/i>\t\t\t\t\t\t<\/span>\n\t\t\t\t\t\t\t\t\t\t<span class=\"elementor-icon-list-text\">Comprometimento com a Qualidade<\/span>\n\t\t\t\t\t\t\t\t\t<\/li>\n\t\t\t\t\t\t<\/ul>\n\t\t\t\t\t\t<\/div>\n\t\t\t\t<\/div>\n\t\t\t\t<\/div>\n\t\t<div class=\"elementor-element elementor-element-d1739c6 e-flex e-con-boxed e-con e-child\" data-id=\"d1739c6\" data-element_type=\"container\">\n\t\t\t\t\t<div class=\"e-con-inner\">\n\t\t\t\t<div class=\"elementor-element elementor-element-dcaa803 elementor-widget elementor-widget-image\" data-id=\"dcaa803\" data-element_type=\"widget\" data-widget_type=\"image.default\">\n\t\t\t\t<div class=\"elementor-widget-container\">\n\t\t\t\t\t\t\t\t\t\t\t\t\t\t\t<img fetchpriority=\"high\" decoding=\"async\" width=\"600\" height=\"600\" src=\"https:\/\/projetos.nayaraaraujo.com.br\/labrakennels\/wp-content\/uploads\/2023\/12\/FAMILIA-1.png\" class=\"attachment-large size-large wp-image-1244\" alt=\"\" srcset=\"https:\/\/projetos.nayaraaraujo.com.br\/labrakennels\/wp-content\/uploads\/2023\/12\/FAMILIA-1.png 600w, https:\/\/projetos.nayaraaraujo.com.br\/labrakennels\/wp-content\/uploads\/2023\/12\/FAMILIA-1-300x300.png 300w, https:\/\/projetos.nayaraaraujo.com.br\/labrakennels\/wp-content\/uploads\/2023\/12\/FAMILIA-1-150x150.png 150w, https:\/\/projetos.nayaraaraujo.com.br\/labrakennels\/wp-content\/uploads\/2023\/12\/FAMILIA-1-100x100.png 100w\" sizes=\"(max-width: 600px) 100vw, 600px\" \/>\t\t\t\t\t\t\t\t\t\t\t\t\t\t\t<\/div>\n\t\t\t\t<\/div>\n\t\t\t\t\t<\/div>\n\t\t\t\t<\/div>\n\t\t\t\t\t<\/div>\n\t\t\t\t<\/div>\n\t\t\t\t<\/div>\n\t\t<div class=\"elementor-element elementor-element-074b0be e-con-full e-flex e-con e-parent\" data-id=\"074b0be\" data-element_type=\"container\" data-settings=\"{&quot;background_background&quot;:&quot;classic&quot;}\">\n\t\t<div class=\"elementor-element elementor-element-8aa5f70 e-grid e-con-boxed e-con e-child\" data-id=\"8aa5f70\" data-element_type=\"container\">\n\t\t\t\t\t<div class=\"e-con-inner\">\n\t\t\t\t<div class=\"elementor-element elementor-element-5ff7ad3 elementor-widget-mobile__width-initial elementor-widget elementor-widget-image-box\" data-id=\"5ff7ad3\" data-element_type=\"widget\" data-widget_type=\"image-box.default\">\n\t\t\t\t<div class=\"elementor-widget-container\">\n\t\t\t\t\t<div class=\"elementor-image-box-wrapper\"><div class=\"elementor-image-box-content\"><h3 class=\"elementor-image-box-title\"> Guia de Cuidados <\/h3><p class=\"elementor-image-box-description\">Destaque para cuidados sazonais, como aten\u00e7\u00e3o especial durante o ver\u00e3o ou inverno, e informa\u00e7\u00f5es sobre as necessidades \u00fanicas da ra\u00e7a.<\/p><\/div><\/div>\t\t\t\t<\/div>\n\t\t\t\t<\/div>\n\t\t\t\t<div class=\"elementor-element elementor-element-3bd8698 elementor-widget-mobile__width-initial elementor-widget elementor-widget-image-box\" data-id=\"3bd8698\" data-element_type=\"widget\" data-widget_type=\"image-box.default\">\n\t\t\t\t<div class=\"elementor-widget-container\">\n\t\t\t\t\t<div class=\"elementor-image-box-wrapper\"><div class=\"elementor-image-box-content\"><h3 class=\"elementor-image-box-title\">V\u00eddeos no YouTube <\/h3><p class=\"elementor-image-box-description\">Uma s\u00e9rie regular de v\u00eddeos que oferece insights sobre a vida di\u00e1ria com Golden Retrievers.<\/p><\/div><\/div>\t\t\t\t<\/div>\n\t\t\t\t<\/div>\n\t\t\t\t<div class=\"elementor-element elementor-element-4d59c7d elementor-widget-mobile__width-initial elementor-widget elementor-widget-image-box\" data-id=\"4d59c7d\" data-element_type=\"widget\" data-widget_type=\"image-box.default\">\n\t\t\t\t<div class=\"elementor-widget-container\">\n\t\t\t\t\t<div class=\"elementor-image-box-wrapper\"><div class=\"elementor-image-box-content\"><h3 class=\"elementor-image-box-title\">Programa de Socializa\u00e7\u00e3o<\/h3><p class=\"elementor-image-box-description\">Um programa estruturado para socializar e treinar filhotes de Golden Retrievers desde cedo.<\/p><\/div><\/div>\t\t\t\t<\/div>\n\t\t\t\t<\/div>\n\t\t\t\t<div class=\"elementor-element elementor-element-ba520e4 elementor-widget-mobile__width-initial elementor-widget elementor-widget-image-box\" data-id=\"ba520e4\" data-element_type=\"widget\" data-widget_type=\"image-box.default\">\n\t\t\t\t<div class=\"elementor-widget-container\">\n\t\t\t\t\t<div class=\"elementor-image-box-wrapper\"><div class=\"elementor-image-box-content\"><h3 class=\"elementor-image-box-title\">Plataforma Online <\/h3><p class=\"elementor-image-box-description\">Uma plataforma online com artigos, e-books, webinars e recursos educativos sobre a ra\u00e7a Golden Retriever.<\/p><\/div><\/div>\t\t\t\t<\/div>\n\t\t\t\t<\/div>\n\t\t\t\t\t<\/div>\n\t\t\t\t<\/div>\n\t\t\t\t<\/div>\n\t\t<div class=\"elementor-element elementor-element-8bc69ad e-con-full e-flex e-con e-parent\" data-id=\"8bc69ad\" data-element_type=\"container\" data-settings=\"{&quot;background_background&quot;:&quot;classic&quot;}\">\n\t\t<div class=\"elementor-element elementor-element-a42142f e-grid e-con-boxed e-con e-child\" data-id=\"a42142f\" data-element_type=\"container\">\n\t\t\t\t\t<div class=\"e-con-inner\">\n\t\t\t\t<div class=\"elementor-element elementor-element-0801c09 elementor-widget elementor-widget-video\" data-id=\"0801c09\" data-element_type=\"widget\" data-settings=\"{&quot;youtube_url&quot;:&quot;https:\\\/\\\/www.youtube.com\\\/watch?v=9iPMlLgYwsg&quot;,&quot;start&quot;:0,&quot;video_type&quot;:&quot;youtube&quot;}\" data-widget_type=\"video.default\">\n\t\t\t\t<div class=\"elementor-widget-container\">\n\t\t\t\t\t\t\t<div class=\"elementor-wrapper elementor-open-inline\">\n\t\t\t<div class=\"elementor-video\"><\/div>\t\t<\/div>\n\t\t\t\t\t\t<\/div>\n\t\t\t\t<\/div>\n\t\t\t\t<div class=\"elementor-element elementor-element-aa908cd elementor-widget elementor-widget-video\" data-id=\"aa908cd\" data-element_type=\"widget\" data-settings=\"{&quot;youtube_url&quot;:&quot;https:\\\/\\\/www.youtube.com\\\/watch?v=9hlOu-J1phU&quot;,&quot;start&quot;:0,&quot;video_type&quot;:&quot;youtube&quot;}\" data-widget_type=\"video.default\">\n\t\t\t\t<div class=\"elementor-widget-container\">\n\t\t\t\t\t\t\t<div class=\"elementor-wrapper elementor-open-inline\">\n\t\t\t<div class=\"elementor-video\"><\/div>\t\t<\/div>\n\t\t\t\t\t\t<\/div>\n\t\t\t\t<\/div>\n\t\t\t\t\t<\/div>\n\t\t\t\t<\/div>\n\t\t\t\t<\/div>\n\t\t<div class=\"elementor-element elementor-element-9dd8f67 e-con-full e-flex e-con e-parent\" data-id=\"9dd8f67\" data-element_type=\"container\" data-settings=\"{&quot;background_background&quot;:&quot;classic&quot;}\">\n\t\t<div class=\"elementor-element elementor-element-319fe2f e-flex e-con-boxed e-con e-child\" data-id=\"319fe2f\" data-element_type=\"container\">\n\t\t\t\t\t<div class=\"e-con-inner\">\n\t\t<div class=\"elementor-element elementor-element-38ce192 e-flex e-con-boxed e-con e-child\" data-id=\"38ce192\" data-element_type=\"container\">\n\t\t\t\t\t<div class=\"e-con-inner\">\n\t\t\t\t<div class=\"elementor-element elementor-element-b3672b7 elementor-widget elementor-widget-image\" data-id=\"b3672b7\" data-element_type=\"widget\" data-widget_type=\"image.default\">\n\t\t\t\t<div class=\"elementor-widget-container\">\n\t\t\t\t\t\t\t\t\t\t\t\t\t\t\t<img decoding=\"async\" src=\"https:\/\/projetos.nayaraaraujo.com.br\/labrakennels\/wp-content\/uploads\/2023\/11\/icone01.png\" title=\"\" alt=\"\" loading=\"lazy\" \/>\t\t\t\t\t\t\t\t\t\t\t\t\t\t\t<\/div>\n\t\t\t\t<\/div>\n\t\t\t\t<div class=\"elementor-element elementor-element-8a38740 elementor-widget elementor-widget-counter\" data-id=\"8a38740\" data-element_type=\"widget\" data-widget_type=\"counter.default\">\n\t\t\t\t<div class=\"elementor-widget-container\">\n\t\t\t\t\t\t\t<div class=\"elementor-counter\">\n\t\t\t<div class=\"elementor-counter-title\">C\u00e3es<br>Microchipados<\/div>\t\t\t<div class=\"elementor-counter-number-wrapper\">\n\t\t\t\t<span class=\"elementor-counter-number-prefix\"><\/span>\n\t\t\t\t<span class=\"elementor-counter-number\" data-duration=\"2000\" data-to-value=\"100\" data-from-value=\"0\" data-delimiter=\",\">0<\/span>\n\t\t\t\t<span class=\"elementor-counter-number-suffix\"><p style=\"color: #640621\">%<span style=\"letter-spacing: 0px\"><\/span><\/p><\/span>\n\t\t\t<\/div>\n\t\t<\/div>\n\t\t\t\t\t\t<\/div>\n\t\t\t\t<\/div>\n\t\t\t\t\t<\/div>\n\t\t\t\t<\/div>\n\t\t<div class=\"elementor-element elementor-element-182be44 e-flex e-con-boxed e-con e-child\" data-id=\"182be44\" data-element_type=\"container\">\n\t\t\t\t\t<div class=\"e-con-inner\">\n\t\t\t\t<div class=\"elementor-element elementor-element-bbd2125 elementor-widget elementor-widget-image\" data-id=\"bbd2125\" data-element_type=\"widget\" data-widget_type=\"image.default\">\n\t\t\t\t<div class=\"elementor-widget-container\">\n\t\t\t\t\t\t\t\t\t\t\t\t\t\t\t<img decoding=\"async\" src=\"https:\/\/projetos.nayaraaraujo.com.br\/labrakennels\/wp-content\/uploads\/2023\/11\/icone03.png\" title=\"\" alt=\"\" loading=\"lazy\" \/>\t\t\t\t\t\t\t\t\t\t\t\t\t\t\t<\/div>\n\t\t\t\t<\/div>\n\t\t\t\t<div class=\"elementor-element elementor-element-5c4339f elementor-widget elementor-widget-counter\" data-id=\"5c4339f\" data-element_type=\"widget\" data-widget_type=\"counter.default\">\n\t\t\t\t<div class=\"elementor-widget-container\">\n\t\t\t\t\t\t\t<div class=\"elementor-counter\">\n\t\t\t<div class=\"elementor-counter-title\">Atendimento veterin\u00e1rio<br> 24 horas <\/div>\t\t\t<div class=\"elementor-counter-number-wrapper\">\n\t\t\t\t<span class=\"elementor-counter-number-prefix\"><\/span>\n\t\t\t\t<span class=\"elementor-counter-number\" data-duration=\"2000\" data-to-value=\"24\" data-from-value=\"0\" data-delimiter=\",\">0<\/span>\n\t\t\t\t<span class=\"elementor-counter-number-suffix\"><p style=\"color: #640621\">h<span style=\"letter-spacing: 0px\"><\/span><\/p><\/span>\n\t\t\t<\/div>\n\t\t<\/div>\n\t\t\t\t\t\t<\/div>\n\t\t\t\t<\/div>\n\t\t\t\t\t<\/div>\n\t\t\t\t<\/div>\n\t\t<div class=\"elementor-element elementor-element-b843b6b e-flex e-con-boxed e-con e-child\" data-id=\"b843b6b\" data-element_type=\"container\">\n\t\t\t\t\t<div class=\"e-con-inner\">\n\t\t\t\t<div class=\"elementor-element elementor-element-971920e elementor-widget elementor-widget-image\" data-id=\"971920e\" data-element_type=\"widget\" data-widget_type=\"image.default\">\n\t\t\t\t<div class=\"elementor-widget-container\">\n\t\t\t\t\t\t\t\t\t\t\t\t\t\t\t<img decoding=\"async\" src=\"https:\/\/projetos.nayaraaraujo.com.br\/labrakennels\/wp-content\/uploads\/2023\/11\/icone04.png\" title=\"\" alt=\"\" loading=\"lazy\" \/>\t\t\t\t\t\t\t\t\t\t\t\t\t\t\t<\/div>\n\t\t\t\t<\/div>\n\t\t\t\t<div class=\"elementor-element elementor-element-499862c elementor-widget elementor-widget-counter\" data-id=\"499862c\" data-element_type=\"widget\" data-widget_type=\"counter.default\">\n\t\t\t\t<div class=\"elementor-widget-container\">\n\t\t\t\t\t\t\t<div class=\"elementor-counter\">\n\t\t\t<div class=\"elementor-counter-title\">Cria\u00e7\u00e3o feita com<br>carinho e responsabilidade<\/div>\t\t\t<div class=\"elementor-counter-number-wrapper\">\n\t\t\t\t<span class=\"elementor-counter-number-prefix\"><\/span>\n\t\t\t\t<span class=\"elementor-counter-number\" data-duration=\"2000\" data-to-value=\"100\" data-from-value=\"0\" data-delimiter=\",\">0<\/span>\n\t\t\t\t<span class=\"elementor-counter-number-suffix\"><p style=\"color: #640621\">%<span style=\"letter-spacing: 0px\"><\/span><\/p><\/span>\n\t\t\t<\/div>\n\t\t<\/div>\n\t\t\t\t\t\t<\/div>\n\t\t\t\t<\/div>\n\t\t\t\t\t<\/div>\n\t\t\t\t<\/div>\n\t\t<div class=\"elementor-element elementor-element-2c2d01e e-flex e-con-boxed e-con e-child\" data-id=\"2c2d01e\" data-element_type=\"container\">\n\t\t\t\t\t<div class=\"e-con-inner\">\n\t\t\t\t<div class=\"elementor-element elementor-element-68de401 elementor-widget elementor-widget-image\" data-id=\"68de401\" data-element_type=\"widget\" data-widget_type=\"image.default\">\n\t\t\t\t<div class=\"elementor-widget-container\">\n\t\t\t\t\t\t\t\t\t\t\t\t\t\t\t<img decoding=\"async\" src=\"https:\/\/projetos.nayaraaraujo.com.br\/labrakennels\/wp-content\/uploads\/2023\/11\/icone02.png\" title=\"\" alt=\"\" loading=\"lazy\" \/>\t\t\t\t\t\t\t\t\t\t\t\t\t\t\t<\/div>\n\t\t\t\t<\/div>\n\t\t\t\t<div class=\"elementor-element elementor-element-b585f1e elementor-widget elementor-widget-counter\" data-id=\"b585f1e\" data-element_type=\"widget\" data-widget_type=\"counter.default\">\n\t\t\t\t<div class=\"elementor-widget-container\">\n\t\t\t\t\t\t\t<div class=\"elementor-counter\">\n\t\t\t<div class=\"elementor-counter-title\">Filhotes<br>entregues<\/div>\t\t\t<div class=\"elementor-counter-number-wrapper\">\n\t\t\t\t<span class=\"elementor-counter-number-prefix\"><\/span>\n\t\t\t\t<span class=\"elementor-counter-number\" data-duration=\"2000\" data-to-value=\"2\" data-from-value=\"0\" data-delimiter=\",\">0<\/span>\n\t\t\t\t<span class=\"elementor-counter-number-suffix\"><p style=\"color: #640621\">k<span style=\"letter-spacing: 0px\"><\/span><\/p><\/span>\n\t\t\t<\/div>\n\t\t<\/div>\n\t\t\t\t\t\t<\/div>\n\t\t\t\t<\/div>\n\t\t\t\t\t<\/div>\n\t\t\t\t<\/div>\n\t\t\t\t\t<\/div>\n\t\t\t\t<\/div>\n\t\t\t\t<\/div>\n\t\t\t\t<\/div>\n\t\t","protected":false},"excerpt":{"rendered":"<p>Sobre Aqui, compartilhamos nossa paix\u00e3o por Labradores e nossa miss\u00e3o de criar uma experi\u00eancia \u00fanica para voc\u00ea. Conhe\u00e7a a hist\u00f3ria por tr\u00e1s do nosso canil, nossos valores e o compromisso de proporcionar Labradores excepcionais. Bem-vindo ao Canil Goldiefolia! Conhe\u00e7a Nossa Paix\u00e3o pelos Golden Retrievers Seja bem-vindo ao Canil Goldiefolia, onde o carinho e a dedica\u00e7\u00e3o [&hellip;]<\/p>\n","protected":false},"author":1,"featured_media":0,"parent":0,"menu_order":0,"comment_status":"closed","ping_status":"closed","template":"","meta":{"_eb_attr":"","footnotes":""},"class_list":["post-35","page","type-page","status-publish","hentry"],"_links":{"self":[{"href":"https:\/\/projetos.nayaraaraujo.com.br\/labrakennels\/wp-json\/wp\/v2\/pages\/35","targetHints":{"allow":["GET"]}}],"collection":[{"href":"https:\/\/projetos.nayaraaraujo.com.br\/labrakennels\/wp-json\/wp\/v2\/pages"}],"about":[{"href":"https:\/\/projetos.nayaraaraujo.com.br\/labrakennels\/wp-json\/wp\/v2\/types\/page"}],"author":[{"embeddable":true,"href":"https:\/\/projetos.nayaraaraujo.com.br\/labrakennels\/wp-json\/wp\/v2\/users\/1"}],"replies":[{"embeddable":true,"href":"https:\/\/projetos.nayaraaraujo.com.br\/labrakennels\/wp-json\/wp\/v2\/comments?post=35"}],"version-history":[{"count":94,"href":"https:\/\/projetos.nayaraaraujo.com.br\/labrakennels\/wp-json\/wp\/v2\/pages\/35\/revisions"}],"predecessor-version":[{"id":1873,"href":"https:\/\/projetos.nayaraaraujo.com.br\/labrakennels\/wp-json\/wp\/v2\/pages\/35\/revisions\/1873"}],"wp:attachment":[{"href":"https:\/\/projetos.nayaraaraujo.com.br\/labrakennels\/wp-json\/wp\/v2\/media?parent=35"}],"curies":[{"name":"wp","href":"https:\/\/api.w.org\/{rel}","templated":true}]}}