{"id":37,"date":"2023-11-06T10:41:40","date_gmt":"2023-11-06T10:41:40","guid":{"rendered":"https:\/\/projetos.nayaraaraujo.com.br\/canilgoldiefolia\/?page_id=37"},"modified":"2023-12-21T21:13:34","modified_gmt":"2023-12-21T21:13:34","slug":"filhotes","status":"publish","type":"page","link":"https:\/\/projetos.nayaraaraujo.com.br\/canilgoldiefolia\/filhotes\/","title":{"rendered":"Filhotes"},"content":{"rendered":"\t\t<div data-elementor-type=\"wp-page\" data-elementor-id=\"37\" class=\"elementor elementor-37\" data-elementor-post-type=\"page\">\n\t\t\t\t<div class=\"elementor-element elementor-element-6029351 e-flex e-con-boxed e-con e-parent\" data-id=\"6029351\" data-element_type=\"container\" data-settings=\"{&quot;background_background&quot;:&quot;classic&quot;}\">\n\t\t\t\t\t<div class=\"e-con-inner\">\n\t\t\t\t<div class=\"elementor-element elementor-element-73b484c elementor-widget-mobile__width-initial elementor-widget elementor-widget-image-box\" data-id=\"73b484c\" data-element_type=\"widget\" data-widget_type=\"image-box.default\">\n\t\t\t\t<div class=\"elementor-widget-container\">\n\t\t\t\t\t<div class=\"elementor-image-box-wrapper\"><div class=\"elementor-image-box-content\"><h3 class=\"elementor-image-box-title\">Filhotes<\/h3><\/div><\/div>\t\t\t\t<\/div>\n\t\t\t\t<\/div>\n\t\t\t\t<div class=\"elementor-element elementor-element-aa6e317 elementor-widget elementor-widget-image\" data-id=\"aa6e317\" data-element_type=\"widget\" data-widget_type=\"image.default\">\n\t\t\t\t<div class=\"elementor-widget-container\">\n\t\t\t\t\t\t\t\t\t\t\t\t\t\t\t<img fetchpriority=\"high\" decoding=\"async\" width=\"600\" height=\"500\" src=\"https:\/\/projetos.nayaraaraujo.com.br\/canilgoldiefolia\/wp-content\/uploads\/2023\/12\/Momentos-com-meu-Dog-500-x-500-px-300-x-200-px-600-x-500-px111.png\" class=\"attachment-large size-large wp-image-642\" alt=\"\" srcset=\"https:\/\/projetos.nayaraaraujo.com.br\/canilgoldiefolia\/wp-content\/uploads\/2023\/12\/Momentos-com-meu-Dog-500-x-500-px-300-x-200-px-600-x-500-px111.png 600w, https:\/\/projetos.nayaraaraujo.com.br\/canilgoldiefolia\/wp-content\/uploads\/2023\/12\/Momentos-com-meu-Dog-500-x-500-px-300-x-200-px-600-x-500-px111-300x250.png 300w\" sizes=\"(max-width: 600px) 100vw, 600px\" \/>\t\t\t\t\t\t\t\t\t\t\t\t\t\t\t<\/div>\n\t\t\t\t<\/div>\n\t\t\t\t\t<\/div>\n\t\t\t\t<\/div>\n\t\t<div class=\"elementor-element elementor-element-44deb71 e-flex e-con-boxed e-con e-parent\" data-id=\"44deb71\" data-element_type=\"container\">\n\t\t\t\t\t<div class=\"e-con-inner\">\n\t\t<div class=\"elementor-element elementor-element-0a209e9 e-flex e-con-boxed e-con e-child\" data-id=\"0a209e9\" data-element_type=\"container\">\n\t\t\t\t\t<div class=\"e-con-inner\">\n\t\t<div class=\"elementor-element elementor-element-c8d4e44 e-flex e-con-boxed e-con e-child\" data-id=\"c8d4e44\" data-element_type=\"container\">\n\t\t\t\t\t<div class=\"e-con-inner\">\n\t\t\t\t<div class=\"elementor-element elementor-element-add4e31 elementor-widget elementor-widget-image\" data-id=\"add4e31\" data-element_type=\"widget\" data-widget_type=\"image.default\">\n\t\t\t\t<div class=\"elementor-widget-container\">\n\t\t\t\t\t\t\t\t\t\t\t\t\t\t\t<img decoding=\"async\" width=\"66\" height=\"49\" src=\"https:\/\/projetos.nayaraaraujo.com.br\/canilgoldiefolia\/wp-content\/uploads\/2023\/11\/heading-img.png\" class=\"attachment-thumbnail size-thumbnail wp-image-308\" alt=\"\" loading=\"lazy\" \/>\t\t\t\t\t\t\t\t\t\t\t\t\t\t\t<\/div>\n\t\t\t\t<\/div>\n\t\t\t\t<div class=\"elementor-element elementor-element-945f05e elementor-widget-tablet__width-inherit elementor-widget elementor-widget-heading\" data-id=\"945f05e\" data-element_type=\"widget\" data-widget_type=\"heading.default\">\n\t\t\t\t<div class=\"elementor-widget-container\">\n\t\t\t\t\t<h2 class=\"elementor-heading-title elementor-size-default\">Confira<\/h2>\t\t\t\t<\/div>\n\t\t\t\t<\/div>\n\t\t\t\t<div class=\"elementor-element elementor-element-058404c elementor-widget__width-initial elementor-widget elementor-widget-heading\" data-id=\"058404c\" data-element_type=\"widget\" data-widget_type=\"heading.default\">\n\t\t\t\t<div class=\"elementor-widget-container\">\n\t\t\t\t\t<h2 class=\"elementor-heading-title elementor-size-default\">Nossos filhotes Dispon\u00edveis <\/h2>\t\t\t\t<\/div>\n\t\t\t\t<\/div>\n\t\t\t\t\t<\/div>\n\t\t\t\t<\/div>\n\t\t\t\t\t<\/div>\n\t\t\t\t<\/div>\n\t\t<div class=\"elementor-element elementor-element-045d3b3 e-flex e-con-boxed e-con e-child\" data-id=\"045d3b3\" data-element_type=\"container\">\n\t\t\t\t\t<div class=\"e-con-inner\">\n\t\t\t\t<div class=\"elementor-element elementor-element-23a6113 elementor-cta--skin-cover elementor-cta--valign-bottom elementor-widget-tablet_extra__width-initial elementor-widget-tablet__width-initial elementor-widget-mobile_extra__width-initial elementor-widget elementor-widget-call-to-action\" data-id=\"23a6113\" data-element_type=\"widget\" data-widget_type=\"call-to-action.default\">\n\t\t\t\t<div class=\"elementor-widget-container\">\n\t\t\t\t\t\t\t<a class=\"elementor-cta\" href=\"https:\/\/projetos.nayaraaraujo.com.br\/canilgoldiefolia\/femia-dori\">\n\t\t\t\t\t<div class=\"elementor-cta__bg-wrapper\">\n\t\t\t\t<div class=\"elementor-cta__bg elementor-bg\" style=\"background-image: url(https:\/\/projetos.nayaraaraujo.com.br\/canilgoldiefolia\/wp-content\/uploads\/2023\/12\/8.jpg);\" role=\"img\" aria-label=\"8\"><\/div>\n\t\t\t\t<div class=\"elementor-cta__bg-overlay\"><\/div>\n\t\t\t<\/div>\n\t\t\t\t\t\t\t<div class=\"elementor-cta__content\">\n\t\t\t\t\n\t\t\t\t\t\t\t\t\t<span class=\"elementor-cta__title elementor-cta__content-item elementor-content-item\">\n\t\t\t\t\t\tF\u00eamea <br><p style=\"color: #feda46\">Dori<span style=\"color: rgb(255, 255, 255); letter-spacing: 1.7px; word-spacing: 0em;\"><\/span><\/p>\t\t\t\t\t<\/span>\n\t\t\t\t\n\t\t\t\t\t\t\t\t\t<div class=\"elementor-cta__description elementor-cta__content-item elementor-content-item\">\n\t\t\t\t\t\tPai Bruce+ M\u00e3e Nala <br>Nascida 07\/10\/23\t\t\t\t\t<\/div>\n\t\t\t\t\n\t\t\t\t\t\t\t<\/div>\n\t\t\t\t\t\t<\/a>\n\t\t\t\t\t\t<\/div>\n\t\t\t\t<\/div>\n\t\t\t\t<div class=\"elementor-element elementor-element-5cbb2a6 elementor-cta--skin-cover elementor-cta--valign-bottom elementor-widget-tablet_extra__width-initial elementor-widget-tablet__width-initial elementor-widget-mobile_extra__width-initial elementor-widget elementor-widget-call-to-action\" data-id=\"5cbb2a6\" data-element_type=\"widget\" data-widget_type=\"call-to-action.default\">\n\t\t\t\t<div class=\"elementor-widget-container\">\n\t\t\t\t\t\t\t<a class=\"elementor-cta\" href=\"https:\/\/projetos.nayaraaraujo.com.br\/canilgoldiefolia\/macho-canela\/\">\n\t\t\t\t\t<div class=\"elementor-cta__bg-wrapper\">\n\t\t\t\t<div class=\"elementor-cta__bg elementor-bg\" style=\"background-image: url(https:\/\/projetos.nayaraaraujo.com.br\/canilgoldiefolia\/wp-content\/uploads\/2023\/12\/6.jpg);\" role=\"img\" aria-label=\"6\"><\/div>\n\t\t\t\t<div class=\"elementor-cta__bg-overlay\"><\/div>\n\t\t\t<\/div>\n\t\t\t\t\t\t\t<div class=\"elementor-cta__content\">\n\t\t\t\t\n\t\t\t\t\t\t\t\t\t<span class=\"elementor-cta__title elementor-cta__content-item elementor-content-item\">\n\t\t\t\t\t\tMacho<p style=\"color: #feda46\">Canela<span style=\"color: rgb(255, 255, 255); letter-spacing: 1.7px; word-spacing: 0em;\"><\/span><\/p>\t\t\t\t\t<\/span>\n\t\t\t\t\n\t\t\t\t\t\t\t\t\t<div class=\"elementor-cta__description elementor-cta__content-item elementor-content-item\">\n\t\t\t\t\t\tPai Marley+ M\u00e3e Vike<br>Nascida 07\/11\/23\t\t\t\t\t<\/div>\n\t\t\t\t\n\t\t\t\t\t\t\t<\/div>\n\t\t\t\t\t\t<\/a>\n\t\t\t\t\t\t<\/div>\n\t\t\t\t<\/div>\n\t\t\t\t<div class=\"elementor-element elementor-element-ce23d3f elementor-cta--skin-cover elementor-cta--valign-bottom elementor-widget-tablet_extra__width-initial elementor-widget-tablet__width-initial elementor-widget-mobile_extra__width-initial elementor-widget elementor-widget-call-to-action\" data-id=\"ce23d3f\" data-element_type=\"widget\" data-widget_type=\"call-to-action.default\">\n\t\t\t\t<div class=\"elementor-widget-container\">\n\t\t\t\t\t\t\t<a class=\"elementor-cta\" href=\"https:\/\/projetos.nayaraaraujo.com.br\/canilgoldiefolia\/macho-pipoca\/\">\n\t\t\t\t\t<div class=\"elementor-cta__bg-wrapper\">\n\t\t\t\t<div class=\"elementor-cta__bg elementor-bg\" style=\"background-image: url(https:\/\/projetos.nayaraaraujo.com.br\/canilgoldiefolia\/wp-content\/uploads\/2023\/12\/19.jpg);\" role=\"img\" aria-label=\"19\"><\/div>\n\t\t\t\t<div class=\"elementor-cta__bg-overlay\"><\/div>\n\t\t\t<\/div>\n\t\t\t\t\t\t\t<div class=\"elementor-cta__content\">\n\t\t\t\t\n\t\t\t\t\t\t\t\t\t<span class=\"elementor-cta__title elementor-cta__content-item elementor-content-item\">\n\t\t\t\t\t\tMacho<p style=\"color: #feda46\">Pipoca<span style=\"color: rgb(255, 255, 255); letter-spacing: 0px; word-spacing: 0em;\"><\/span><\/p>\t\t\t\t\t<\/span>\n\t\t\t\t\n\t\t\t\t\t\t\t\t\t<div class=\"elementor-cta__description elementor-cta__content-item elementor-content-item\">\n\t\t\t\t\t\tPai Gucci+ M\u00e3e Amora<br>Nascida 07\/10\/23\t\t\t\t\t<\/div>\n\t\t\t\t\n\t\t\t\t\t\t\t<\/div>\n\t\t\t\t\t\t<\/a>\n\t\t\t\t\t\t<\/div>\n\t\t\t\t<\/div>\n\t\t\t\t\t<\/div>\n\t\t\t\t<\/div>\n\t\t\t\t\t<\/div>\n\t\t\t\t<\/div>\n\t\t\t\t<\/div>\n\t\t","protected":false},"excerpt":{"rendered":"<p>Filhotes Confira Nossos filhotes Dispon\u00edveis F\u00eamea Dori Pai Bruce+ M\u00e3e Nala Nascida 07\/10\/23 Macho Canela Pai Marley+ M\u00e3e VikeNascida 07\/11\/23 Macho Pipoca Pai Gucci+ M\u00e3e AmoraNascida 07\/10\/23<\/p>\n","protected":false},"author":1,"featured_media":0,"parent":0,"menu_order":0,"comment_status":"closed","ping_status":"closed","template":"","meta":{"footnotes":""},"class_list":["post-37","page","type-page","status-publish","hentry"],"_links":{"self":[{"href":"https:\/\/projetos.nayaraaraujo.com.br\/canilgoldiefolia\/wp-json\/wp\/v2\/pages\/37","targetHints":{"allow":["GET"]}}],"collection":[{"href":"https:\/\/projetos.nayaraaraujo.com.br\/canilgoldiefolia\/wp-json\/wp\/v2\/pages"}],"about":[{"href":"https:\/\/projetos.nayaraaraujo.com.br\/canilgoldiefolia\/wp-json\/wp\/v2\/types\/page"}],"author":[{"embeddable":true,"href":"https:\/\/projetos.nayaraaraujo.com.br\/canilgoldiefolia\/wp-json\/wp\/v2\/users\/1"}],"replies":[{"embeddable":true,"href":"https:\/\/projetos.nayaraaraujo.com.br\/canilgoldiefolia\/wp-json\/wp\/v2\/comments?post=37"}],"version-history":[{"count":39,"href":"https:\/\/projetos.nayaraaraujo.com.br\/canilgoldiefolia\/wp-json\/wp\/v2\/pages\/37\/revisions"}],"predecessor-version":[{"id":1047,"href":"https:\/\/projetos.nayaraaraujo.com.br\/canilgoldiefolia\/wp-json\/wp\/v2\/pages\/37\/revisions\/1047"}],"wp:attachment":[{"href":"https:\/\/projetos.nayaraaraujo.com.br\/canilgoldiefolia\/wp-json\/wp\/v2\/media?parent=37"}],"curies":[{"name":"wp","href":"https:\/\/api.w.org\/{rel}","templated":true}]}}